{"id":2,"date":"2014-09-05T08:17:34","date_gmt":"2014-09-05T08:17:34","guid":{"rendered":"https:\/\/highbox.fr\/home\/?page_id=2"},"modified":"2026-02-21T15:00:15","modified_gmt":"2026-02-21T14:00:15","slug":"highbox-2-2","status":"publish","type":"page","link":"https:\/\/highbox.fr\/home\/","title":{"rendered":"HIGHBOX: BOX d&rsquo;accessoires pour fumeur."},"content":{"rendered":"\n<p class=\"has-text-align-center\">Chez Highbox, notre mission reste la m\u00eame : offrir aux amateurs de roulage une exp\u00e9rience premium, alliant style, performance et praticit\u00e9. En 2026, nous repoussons encore les standards avec nos deux formats incontournables : Hay Leaf et Leaf Box. Pens\u00e9s pour s\u2019adapter \u00e0 votre quotidien, nos coffrets complets allient design soign\u00e9, fonctionnalit\u00e9 intelligente et qualit\u00e9 irr\u00e9prochable. D\u00e9couvrez une nouvelle g\u00e9n\u00e9ration d\u2019accessoires, con\u00e7ue pour rouler avec \u00e9l\u00e9gance, efficacit\u00e9 et caract\u00e8re..<\/p>\n\n\n\n<div class=\"wp-block-columns is-layout-flex wp-container-core-columns-is-layout-28f84493 wp-block-columns-is-layout-flex\">\n<div class=\"wp-block-column has-background is-layout-flow wp-block-column-is-layout-flow\" style=\"background-color:#fbd66e73\">\n<h2 class=\"wp-block-heading has-text-align-center\" id=\"patron\">Hay Leaf<\/h2>\n\n\n\n<p class=\"has-text-align-center\">1 Paquet d\u2019hay leaf et 2 Produits<\/p>\n\n\n\n<ul class=\"wp-block-list\">\n<li>1 OCB SLIM<\/li>\n\n\n\n<li>1 paquets de Filtres cartons OCB<\/li>\n\n\n\n<li>1 paquet Hay leaf<\/li>\n<\/ul>\n\n\n\n<div class=\"wp-block-buttons is-content-justification-center is-layout-flex wp-container-core-buttons-is-layout-a89b3969 wp-block-buttons-is-layout-flex\">\n<div class=\"wp-block-button\"><a class=\"wp-block-button__link wp-element-button\" href=\"https:\/\/highbox.fr\/home\/produit\/hay-leaf-2\/\">13\u20ac<\/a><\/div>\n<\/div>\n<\/div>\n\n\n\n<div class=\"wp-block-column has-background is-layout-flow wp-block-column-is-layout-flow\" style=\"background-color:#d9ace687\">\n<h2 class=\"wp-block-heading has-text-align-center\" id=\"patron\">Leaf box<\/h2>\n\n\n\n<p class=\"has-text-align-center\"><strong>En mode&nbsp;<\/strong>d\u00e9tente<\/p>\n\n\n\n<ul class=\"wp-block-list\">\n<li>8 Paquet de Feuilles \u00e0 rouler<\/li>\n\n\n\n<li>1 OCB Rolls 4 M<\/li>\n\n\n\n<li>2 Briquet<\/li>\n\n\n\n<li>2 paquets de Filtres cartons OCB<\/li>\n\n\n\n<li>1 paquet Hay leaf inclus<\/li>\n<\/ul>\n\n\n\n<div class=\"wp-block-buttons is-content-justification-center is-layout-flex wp-container-core-buttons-is-layout-a89b3969 wp-block-buttons-is-layout-flex\">\n<div class=\"wp-block-button\"><a class=\"wp-block-button__link has-text-align-center wp-element-button\" href=\"https:\/\/highbox.fr\/home\/produit\/leaf-box\/\">20\u20ac<\/a><\/div>\n<\/div>\n<\/div>\n<\/div>\n\n\n\n<h4 class=\"wp-block-heading has-text-align-center\">Livraison rapide \u2013 Paiement s\u00e9curis\u00e9 \u2013 Qualit\u00e9 garantie<\/h4>\n\n\n\n<p class=\"has-text-align-center\">Commandez d\u00e8s maintenant sur <strong>Highbox.fr<\/strong> et b\u00e9n\u00e9ficiez de <strong>livraisons rapides<\/strong>, d\u2019un <strong>paiement 100 % s\u00e9curis\u00e9<\/strong> et d\u2019un service client \u00e0 votre \u00e9coute. Rejoignez une communaut\u00e9 de passionn\u00e9s qui ont fait le choix du roulage haut de gamme.<\/p>\n\n\n\n<h3 class=\"wp-block-heading\">Des produits pens\u00e9s pour les passionn\u00e9s du roulage<\/h3>\n\n\n\n<hr class=\"wp-block-separator has-alpha-channel-opacity\"\/>\n\n\n<ul class=\"wp-block-latest-posts__list wp-block-latest-posts\"><li><a class=\"wp-block-latest-posts__post-title\" href=\"https:\/\/highbox.fr\/home\/2024\/11\/hay-leaf-est-de-retour-en-stock\/\">Hay Leaf est de retour en stock !<\/a><\/li>\n<li><a class=\"wp-block-latest-posts__post-title\" href=\"https:\/\/highbox.fr\/home\/2024\/07\/delais-de-livraison\/\">Information Importante : D\u00e9lais de Livraison Rallong\u00e9s<\/a><\/li>\n<li><a class=\"wp-block-latest-posts__post-title\" href=\"https:\/\/highbox.fr\/home\/2023\/12\/nouveau-format\/\">D\u00e9couvrez le Nouveau Format Highbox S et M<\/a><\/li>\n<li><a class=\"wp-block-latest-posts__post-title\" href=\"https:\/\/highbox.fr\/home\/2023\/12\/hay-leaf-retour\/\">Hay leaf de retour sur Highbox.fr<\/a><\/li>\n<li><a class=\"wp-block-latest-posts__post-title\" href=\"https:\/\/highbox.fr\/home\/2023\/02\/hai-leaf-enfin-en-vente-chez-highbox-fr\/\">Hai leaf enfin en vente chez highbox.fr<\/a><\/li>\n<\/ul>","protected":false},"excerpt":{"rendered":"<p>Chez Highbox, notre mission reste la m\u00eame : offrir aux amateurs de roulage une exp\u00e9rience&hellip;<\/p>\n","protected":false},"author":1,"featured_media":0,"parent":0,"menu_order":0,"comment_status":"open","ping_status":"open","template":"","meta":{"footnotes":""},"class_list":["post-2","page","type-page","status-publish","hentry"],"yoast_head":"<!-- This site is optimized with the Yoast SEO plugin v27.4 - https:\/\/yoast.com\/product\/yoast-seo-wordpress\/ -->\n<title>HIGHBOX: BOX d&#039;accessoires pour fumeur. - HIGHBOX<\/title>\n<meta name=\"description\" content=\"L&#039;abonnement \u00e0 nos Highbox offre une s\u00e9rie d&#039;avantages qui font de cette option un choix attrayant pour nos clients.\" \/>\n<meta name=\"robots\" content=\"index, follow, max-snippet:-1, max-image-preview:large, max-video-preview:-1\" \/>\n<link rel=\"canonical\" href=\"https:\/\/highbox.fr\/home\/\" \/>\n<meta property=\"og:locale\" content=\"fr_FR\" \/>\n<meta property=\"og:type\" content=\"article\" \/>\n<meta property=\"og:title\" content=\"HIGHBOX: BOX d&#039;accessoires pour fumeur. - HIGHBOX\" \/>\n<meta property=\"og:description\" content=\"L&#039;abonnement \u00e0 nos Highbox offre une s\u00e9rie d&#039;avantages qui font de cette option un choix attrayant pour nos clients.\" \/>\n<meta property=\"og:url\" content=\"https:\/\/highbox.fr\/home\/\" \/>\n<meta property=\"og:site_name\" content=\"HIGHBOX\" \/>\n<meta property=\"article:modified_time\" content=\"2026-02-21T14:00:15+00:00\" \/>\n<meta name=\"twitter:label1\" content=\"Dur\u00e9e de lecture estim\u00e9e\" \/>\n\t<meta name=\"twitter:data1\" content=\"1 minute\" \/>\n<script type=\"application\/ld+json\" class=\"yoast-schema-graph\">{\"@context\":\"https:\\\/\\\/schema.org\",\"@graph\":[{\"@type\":\"WebPage\",\"@id\":\"https:\\\/\\\/highbox.fr\\\/home\\\/\",\"url\":\"https:\\\/\\\/highbox.fr\\\/home\\\/\",\"name\":\"HIGHBOX: BOX d'accessoires pour fumeur. - HIGHBOX\",\"isPartOf\":{\"@id\":\"https:\\\/\\\/highbox.fr\\\/home\\\/#website\"},\"datePublished\":\"2014-09-05T08:17:34+00:00\",\"dateModified\":\"2026-02-21T14:00:15+00:00\",\"description\":\"L'abonnement \u00e0 nos Highbox offre une s\u00e9rie d'avantages qui font de cette option un choix attrayant pour nos clients.\",\"inLanguage\":\"fr-FR\",\"potentialAction\":[{\"@type\":\"ReadAction\",\"target\":[\"https:\\\/\\\/highbox.fr\\\/home\\\/\"]}]},{\"@type\":\"WebSite\",\"@id\":\"https:\\\/\\\/highbox.fr\\\/home\\\/#website\",\"url\":\"https:\\\/\\\/highbox.fr\\\/home\\\/\",\"name\":\"HIGHBOX\",\"description\":\"Feuilles \u00e0 rouler ocb, raw et autres accessoires pour fumeur\",\"potentialAction\":[{\"@type\":\"SearchAction\",\"target\":{\"@type\":\"EntryPoint\",\"urlTemplate\":\"https:\\\/\\\/highbox.fr\\\/home\\\/?s={search_term_string}\"},\"query-input\":{\"@type\":\"PropertyValueSpecification\",\"valueRequired\":true,\"valueName\":\"search_term_string\"}}],\"inLanguage\":\"fr-FR\"}]}<\/script>\n<!-- \/ Yoast SEO plugin. -->","yoast_head_json":{"title":"HIGHBOX: BOX d'accessoires pour fumeur. - HIGHBOX","description":"L'abonnement \u00e0 nos Highbox offre une s\u00e9rie d'avantages qui font de cette option un choix attrayant pour nos clients.","robots":{"index":"index","follow":"follow","max-snippet":"max-snippet:-1","max-image-preview":"max-image-preview:large","max-video-preview":"max-video-preview:-1"},"canonical":"https:\/\/highbox.fr\/home\/","og_locale":"fr_FR","og_type":"article","og_title":"HIGHBOX: BOX d'accessoires pour fumeur. - HIGHBOX","og_description":"L'abonnement \u00e0 nos Highbox offre une s\u00e9rie d'avantages qui font de cette option un choix attrayant pour nos clients.","og_url":"https:\/\/highbox.fr\/home\/","og_site_name":"HIGHBOX","article_modified_time":"2026-02-21T14:00:15+00:00","twitter_misc":{"Dur\u00e9e de lecture estim\u00e9e":"1 minute"},"schema":{"@context":"https:\/\/schema.org","@graph":[{"@type":"WebPage","@id":"https:\/\/highbox.fr\/home\/","url":"https:\/\/highbox.fr\/home\/","name":"HIGHBOX: BOX d'accessoires pour fumeur. - HIGHBOX","isPartOf":{"@id":"https:\/\/highbox.fr\/home\/#website"},"datePublished":"2014-09-05T08:17:34+00:00","dateModified":"2026-02-21T14:00:15+00:00","description":"L'abonnement \u00e0 nos Highbox offre une s\u00e9rie d'avantages qui font de cette option un choix attrayant pour nos clients.","inLanguage":"fr-FR","potentialAction":[{"@type":"ReadAction","target":["https:\/\/highbox.fr\/home\/"]}]},{"@type":"WebSite","@id":"https:\/\/highbox.fr\/home\/#website","url":"https:\/\/highbox.fr\/home\/","name":"HIGHBOX","description":"Feuilles \u00e0 rouler ocb, raw et autres accessoires pour fumeur","potentialAction":[{"@type":"SearchAction","target":{"@type":"EntryPoint","urlTemplate":"https:\/\/highbox.fr\/home\/?s={search_term_string}"},"query-input":{"@type":"PropertyValueSpecification","valueRequired":true,"valueName":"search_term_string"}}],"inLanguage":"fr-FR"}]}},"jetpack_sharing_enabled":true,"_links":{"self":[{"href":"https:\/\/highbox.fr\/home\/wp-json\/wp\/v2\/pages\/2","targetHints":{"allow":["GET"]}}],"collection":[{"href":"https:\/\/highbox.fr\/home\/wp-json\/wp\/v2\/pages"}],"about":[{"href":"https:\/\/highbox.fr\/home\/wp-json\/wp\/v2\/types\/page"}],"author":[{"embeddable":true,"href":"https:\/\/highbox.fr\/home\/wp-json\/wp\/v2\/users\/1"}],"replies":[{"embeddable":true,"href":"https:\/\/highbox.fr\/home\/wp-json\/wp\/v2\/comments?post=2"}],"version-history":[{"count":49,"href":"https:\/\/highbox.fr\/home\/wp-json\/wp\/v2\/pages\/2\/revisions"}],"predecessor-version":[{"id":1337,"href":"https:\/\/highbox.fr\/home\/wp-json\/wp\/v2\/pages\/2\/revisions\/1337"}],"wp:attachment":[{"href":"https:\/\/highbox.fr\/home\/wp-json\/wp\/v2\/media?parent=2"}],"curies":[{"name":"wp","href":"https:\/\/api.w.org\/{rel}","templated":true}]}}